{"id":2593,"date":"2021-06-23T15:05:40","date_gmt":"2021-06-23T13:05:40","guid":{"rendered":"https:\/\/www.protostep-forward.com\/?page_id=2593"},"modified":"2021-09-03T12:01:00","modified_gmt":"2021-09-03T10:01:00","slug":"modelisation-et-simulation","status":"publish","type":"page","link":"https:\/\/www.protostep-forward.com\/index.php\/modelisation-et-simulation\/","title":{"rendered":"Mod\u00e9lisation &#038; simulation num\u00e9riques &#8211; FR"},"content":{"rendered":"\t\t<div data-elementor-type=\"wp-page\" data-elementor-id=\"2593\" class=\"elementor elementor-2593\">\n\t\t\t\t\t\t<section class=\"elementor-section elementor-top-section elementor-element elementor-element-a8e31d3 elementor-section-boxed elementor-section-height-default elementor-section-height-default\" data-id=\"a8e31d3\" data-element_type=\"section\">\n\t\t\t\t\t\t<div class=\"elementor-container elementor-column-gap-default\">\n\t\t\t\t\t<div class=\"elementor-column elementor-col-100 elementor-top-column elementor-element elementor-element-adbaee4\" data-id=\"adbaee4\" data-element_type=\"column\">\n\t\t\t<div class=\"elementor-widget-wrap elementor-element-populated\">\n\t\t\t\t\t\t<div class=\"elementor-element elementor-element-a4c6291 elementor-widget elementor-widget-text-editor\" data-id=\"a4c6291\" data-element_type=\"widget\" data-widget_type=\"text-editor.default\">\n\t\t\t\t<div class=\"elementor-widget-container\">\n\t\t\t\t\t\t\t<h3>Mod\u00e9lisation<\/h3><p style=\"text-align: justify;\">Contrairement \u00e0 un mod\u00e8le CAO qui d\u00e9finit pr\u00e9cis\u00e9ment la g\u00e9om\u00e9trie d\u2019un ensemble, un mod\u00e8le num\u00e9rique est constitu\u00e9 d\u2019une g\u00e9om\u00e9trie simplifi\u00e9e permettant la cr\u00e9ation d&rsquo;un maillage adapt\u00e9 afin que l\u2019ensemble des ph\u00e9nom\u00e8nes physiques mis en jeu puissent \u00eatre d\u00e9crits \u00e0 la pr\u00e9cision souhait\u00e9e. Cette d\u00e9composition permet d\u2019appliquer la m\u00e9thode de calcul par \u00e9l\u00e9ment finis.<\/p>\t\t\t\t\t\t<\/div>\n\t\t\t\t<\/div>\n\t\t\t\t\t<\/div>\n\t\t<\/div>\n\t\t\t\t\t<\/div>\n\t\t<\/section>\n\t\t\t\t<section class=\"elementor-section elementor-top-section elementor-element elementor-element-184bb5b elementor-section-boxed elementor-section-height-default elementor-section-height-default\" data-id=\"184bb5b\" data-element_type=\"section\">\n\t\t\t\t\t\t<div class=\"elementor-container elementor-column-gap-default\">\n\t\t\t\t\t<div class=\"elementor-column elementor-col-50 elementor-top-column elementor-element elementor-element-15e11e6\" data-id=\"15e11e6\" data-element_type=\"column\">\n\t\t\t<div class=\"elementor-widget-wrap elementor-element-populated\">\n\t\t\t\t\t\t<div class=\"elementor-element elementor-element-50cabd1 elementor-widget elementor-widget-image\" data-id=\"50cabd1\" data-element_type=\"widget\" data-widget_type=\"image.default\">\n\t\t\t\t<div class=\"elementor-widget-container\">\n\t\t\t\t\t\t\t\t\t\t\t\t\t<img fetchpriority=\"high\" decoding=\"async\" width=\"353\" height=\"264\" src=\"https:\/\/www.protostep-forward.com\/wp-content\/uploads\/2021\/07\/image_model_1.png\" class=\"attachment-large size-large wp-image-2729\" alt=\"mod\u00e9lisation 1\" srcset=\"https:\/\/www.protostep-forward.com\/wp-content\/uploads\/2021\/07\/image_model_1.png 353w, https:\/\/www.protostep-forward.com\/wp-content\/uploads\/2021\/07\/image_model_1-300x224.png 300w\" sizes=\"(max-width: 353px) 100vw, 353px\" \/>\t\t\t\t\t\t\t\t\t\t\t\t\t<\/div>\n\t\t\t\t<\/div>\n\t\t\t\t\t<\/div>\n\t\t<\/div>\n\t\t\t\t<div class=\"elementor-column elementor-col-50 elementor-top-column elementor-element elementor-element-57ebc8a\" data-id=\"57ebc8a\" data-element_type=\"column\">\n\t\t\t<div class=\"elementor-widget-wrap elementor-element-populated\">\n\t\t\t\t\t\t<div class=\"elementor-element elementor-element-2fee83f elementor-widget elementor-widget-image\" data-id=\"2fee83f\" data-element_type=\"widget\" data-widget_type=\"image.default\">\n\t\t\t\t<div class=\"elementor-widget-container\">\n\t\t\t\t\t\t\t\t\t\t\t\t\t<img decoding=\"async\" width=\"353\" height=\"264\" src=\"https:\/\/www.protostep-forward.com\/wp-content\/uploads\/2021\/07\/image_model_2.png\" class=\"attachment-large size-large wp-image-2730\" alt=\"mod\u00e9lisation 2\" srcset=\"https:\/\/www.protostep-forward.com\/wp-content\/uploads\/2021\/07\/image_model_2.png 353w, https:\/\/www.protostep-forward.com\/wp-content\/uploads\/2021\/07\/image_model_2-300x224.png 300w\" sizes=\"(max-width: 353px) 100vw, 353px\" \/>\t\t\t\t\t\t\t\t\t\t\t\t\t<\/div>\n\t\t\t\t<\/div>\n\t\t\t\t\t<\/div>\n\t\t<\/div>\n\t\t\t\t\t<\/div>\n\t\t<\/section>\n\t\t\t\t<section class=\"elementor-section elementor-top-section elementor-element elementor-element-478c79a elementor-section-boxed elementor-section-height-default elementor-section-height-default\" data-id=\"478c79a\" data-element_type=\"section\">\n\t\t\t\t\t\t<div class=\"elementor-container elementor-column-gap-default\">\n\t\t\t\t\t<div class=\"elementor-column elementor-col-100 elementor-top-column elementor-element elementor-element-dcac7cc\" data-id=\"dcac7cc\" data-element_type=\"column\">\n\t\t\t<div class=\"elementor-widget-wrap elementor-element-populated\">\n\t\t\t\t\t\t<div class=\"elementor-element elementor-element-84c7d56 elementor-widget elementor-widget-spacer\" data-id=\"84c7d56\" data-element_type=\"widget\" data-widget_type=\"spacer.default\">\n\t\t\t\t<div class=\"elementor-widget-container\">\n\t\t\t\t\t<div class=\"elementor-spacer\">\n\t\t\t<div class=\"elementor-spacer-inner\"><\/div>\n\t\t<\/div>\n\t\t\t\t<\/div>\n\t\t\t\t<\/div>\n\t\t\t\t\t<\/div>\n\t\t<\/div>\n\t\t\t\t\t<\/div>\n\t\t<\/section>\n\t\t\t\t<section class=\"elementor-section elementor-top-section elementor-element elementor-element-70419aa elementor-section-boxed elementor-section-height-default elementor-section-height-default\" data-id=\"70419aa\" data-element_type=\"section\">\n\t\t\t\t\t\t<div class=\"elementor-container elementor-column-gap-default\">\n\t\t\t\t\t<div class=\"elementor-column elementor-col-100 elementor-top-column elementor-element elementor-element-9766a22\" data-id=\"9766a22\" data-element_type=\"column\">\n\t\t\t<div class=\"elementor-widget-wrap elementor-element-populated\">\n\t\t\t\t\t\t<div class=\"elementor-element elementor-element-1164cec elementor-widget elementor-widget-text-editor\" data-id=\"1164cec\" data-element_type=\"widget\" data-widget_type=\"text-editor.default\">\n\t\t\t\t<div class=\"elementor-widget-container\">\n\t\t\t\t\t\t\t<h3>Simulation<\/h3><p style=\"text-align: justify;\">Une fois la mod\u00e9lisation \u00e9tablie avec une g\u00e9om\u00e9trie, un maillage et la d\u00e9finition des physiques, il est alors possible de calculer le mod\u00e8le et de sortir les r\u00e9sultats pour les grandeurs physiques souhait\u00e9es :<\/p>\t\t\t\t\t\t<\/div>\n\t\t\t\t<\/div>\n\t\t\t\t\t<\/div>\n\t\t<\/div>\n\t\t\t\t\t<\/div>\n\t\t<\/section>\n\t\t\t\t<section class=\"elementor-section elementor-top-section elementor-element elementor-element-adbd367 elementor-section-boxed elementor-section-height-default elementor-section-height-default\" data-id=\"adbd367\" data-element_type=\"section\">\n\t\t\t\t\t\t<div class=\"elementor-container elementor-column-gap-default\">\n\t\t\t\t\t<div class=\"elementor-column elementor-col-50 elementor-top-column elementor-element elementor-element-78d7d9b\" data-id=\"78d7d9b\" data-element_type=\"column\">\n\t\t\t<div class=\"elementor-widget-wrap elementor-element-populated\">\n\t\t\t\t\t\t<div class=\"elementor-element elementor-element-aa03cc5 elementor-widget elementor-widget-image\" data-id=\"aa03cc5\" data-element_type=\"widget\" data-widget_type=\"image.default\">\n\t\t\t\t<div class=\"elementor-widget-container\">\n\t\t\t\t\t\t\t\t\t\t\t\t\t<img decoding=\"async\" width=\"640\" height=\"480\" src=\"https:\/\/www.protostep-forward.com\/wp-content\/uploads\/2021\/07\/anim_3D_test_2.gif\" class=\"attachment-large size-large wp-image-2731\" alt=\"animation simulation\" \/>\t\t\t\t\t\t\t\t\t\t\t\t\t<\/div>\n\t\t\t\t<\/div>\n\t\t\t\t\t<\/div>\n\t\t<\/div>\n\t\t\t\t<div class=\"elementor-column elementor-col-50 elementor-top-column elementor-element elementor-element-03e3144\" data-id=\"03e3144\" data-element_type=\"column\">\n\t\t\t<div class=\"elementor-widget-wrap elementor-element-populated\">\n\t\t\t\t\t\t<div class=\"elementor-element elementor-element-c86b773 elementor-widget elementor-widget-image\" data-id=\"c86b773\" data-element_type=\"widget\" data-widget_type=\"image.default\">\n\t\t\t\t<div class=\"elementor-widget-container\">\n\t\t\t\t\t\t\t\t\t\t\t\t\t<img loading=\"lazy\" decoding=\"async\" width=\"640\" height=\"480\" src=\"https:\/\/www.protostep-forward.com\/wp-content\/uploads\/2021\/07\/anim_graph_2bis.gif\" class=\"attachment-large size-large wp-image-2749\" alt=\"animation graphique\" \/>\t\t\t\t\t\t\t\t\t\t\t\t\t<\/div>\n\t\t\t\t<\/div>\n\t\t\t\t\t<\/div>\n\t\t<\/div>\n\t\t\t\t\t<\/div>\n\t\t<\/section>\n\t\t\t\t<\/div>\n\t\t","protected":false},"excerpt":{"rendered":"<p>Mod\u00e9lisation Contrairement \u00e0 un mod\u00e8le CAO qui d\u00e9finit pr\u00e9cis\u00e9ment la g\u00e9om\u00e9trie d\u2019un ensemble, un mod\u00e8le num\u00e9rique est constitu\u00e9 d\u2019une g\u00e9om\u00e9trie simplifi\u00e9e permettant la cr\u00e9ation d&rsquo;un maillage adapt\u00e9 afin que l\u2019ensemble des ph\u00e9nom\u00e8nes physiques mis en jeu puissent \u00eatre d\u00e9crits \u00e0 la pr\u00e9cision souhait\u00e9e. Cette d\u00e9composition permet d\u2019appliquer la m\u00e9thode de calcul par \u00e9l\u00e9ment finis. Simulation [&hellip;]<\/p>\n","protected":false},"author":1,"featured_media":0,"parent":0,"menu_order":0,"comment_status":"closed","ping_status":"closed","template":"","meta":{"ocean_post_layout":"","ocean_both_sidebars_style":"","ocean_both_sidebars_content_width":0,"ocean_both_sidebars_sidebars_width":0,"ocean_sidebar":"0","ocean_second_sidebar":"0","ocean_disable_margins":"enable","ocean_add_body_class":"","ocean_shortcode_before_top_bar":"","ocean_shortcode_after_top_bar":"","ocean_shortcode_before_header":"","ocean_shortcode_after_header":"","ocean_has_shortcode":"","ocean_shortcode_after_title":"","ocean_shortcode_before_footer_widgets":"","ocean_shortcode_after_footer_widgets":"","ocean_shortcode_before_footer_bottom":"","ocean_shortcode_after_footer_bottom":"","ocean_display_top_bar":"default","ocean_display_header":"default","ocean_header_style":"","ocean_center_header_left_menu":"0","ocean_custom_header_template":"0","ocean_custom_logo":0,"ocean_custom_retina_logo":0,"ocean_custom_logo_max_width":0,"ocean_custom_logo_tablet_max_width":0,"ocean_custom_logo_mobile_max_width":0,"ocean_custom_logo_max_height":0,"ocean_custom_logo_tablet_max_height":0,"ocean_custom_logo_mobile_max_height":0,"ocean_header_custom_menu":"3","ocean_menu_typo_font_family":"0","ocean_menu_typo_font_subset":"","ocean_menu_typo_font_size":0,"ocean_menu_typo_font_size_tablet":0,"ocean_menu_typo_font_size_mobile":0,"ocean_menu_typo_font_size_unit":"px","ocean_menu_typo_font_weight":"","ocean_menu_typo_font_weight_tablet":"","ocean_menu_typo_font_weight_mobile":"","ocean_menu_typo_transform":"","ocean_menu_typo_transform_tablet":"","ocean_menu_typo_transform_mobile":"","ocean_menu_typo_line_height":0,"ocean_menu_typo_line_height_tablet":0,"ocean_menu_typo_line_height_mobile":0,"ocean_menu_typo_line_height_unit":"","ocean_menu_typo_spacing":0,"ocean_menu_typo_spacing_tablet":0,"ocean_menu_typo_spacing_mobile":0,"ocean_menu_typo_spacing_unit":"","ocean_menu_link_color":"","ocean_menu_link_color_hover":"","ocean_menu_link_color_active":"","ocean_menu_link_background":"","ocean_menu_link_hover_background":"","ocean_menu_link_active_background":"","ocean_menu_social_links_bg":"","ocean_menu_social_hover_links_bg":"","ocean_menu_social_links_color":"","ocean_menu_social_hover_links_color":"","ocean_disable_title":"default","ocean_disable_heading":"default","ocean_post_title":"<p id=\"p10\"><font face=\"Advent\" color=\"#000080\" size=\"10em\">Mod\u00e9lisation &amp; simulation num\u00e9riques<\/font><\/p>","ocean_post_subheading":"<font face=\"Segoe UI\" color=\"#002142\" size=\"4em\">Le prototypage virtuel pour vos projets R&amp;D<\/font> <p style=\"text-align: right\"><font face=\"Arial\" color=\"#4f4f4f\" size=\"1em\"><em>Cr\u00e9dits Images : COMSOL Multiphysics<sup>\u00ae<\/sup><\/em><\/font><\/p>","ocean_post_title_style":"background-image","ocean_post_title_background_color":"","ocean_post_title_background":3060,"ocean_post_title_bg_image_position":"center center","ocean_post_title_bg_image_attachment":"","ocean_post_title_bg_image_repeat":"repeat-x","ocean_post_title_bg_image_size":"cover","ocean_post_title_height":200,"ocean_post_title_bg_overlay":0.7,"ocean_post_title_bg_overlay_color":"#efefff","ocean_disable_breadcrumbs":"default","ocean_breadcrumbs_color":"","ocean_breadcrumbs_separator_color":"","ocean_breadcrumbs_links_color":"","ocean_breadcrumbs_links_hover_color":"","ocean_display_footer_widgets":"default","ocean_display_footer_bottom":"default","ocean_custom_footer_template":"0","footnotes":""},"class_list":["post-2593","page","type-page","status-publish","hentry","entry"],"yoast_head":"<!-- This site is optimized with the Yoast SEO plugin v23.2 - https:\/\/yoast.com\/wordpress\/plugins\/seo\/ -->\n<title>ProtoSTEP - Mod\u00e9lisation &amp; simulation num\u00e9riques<\/title>\n<meta name=\"description\" content=\"Les mod\u00e9lisations et simulations num\u00e9riques r\u00e9alis\u00e9es par ProtoSTEP accompagnent vos projets R&amp;D gr\u00e2ce au prototypage virtuel.\" \/>\n<meta name=\"robots\" content=\"index, follow, max-snippet:-1, max-image-preview:large, max-video-preview:-1\" \/>\n<link rel=\"canonical\" href=\"https:\/\/www.protostep-forward.com\/index.php\/modelisation-et-simulation\/\" \/>\n<meta property=\"og:locale\" content=\"fr_FR\" \/>\n<meta property=\"og:type\" content=\"article\" \/>\n<meta property=\"og:title\" content=\"ProtoSTEP - Mod\u00e9lisation &amp; simulation num\u00e9riques\" \/>\n<meta property=\"og:description\" content=\"Les mod\u00e9lisations et simulations num\u00e9riques r\u00e9alis\u00e9es par ProtoSTEP accompagnent vos projets R&amp;D gr\u00e2ce au prototypage virtuel.\" \/>\n<meta property=\"og:url\" content=\"https:\/\/www.protostep-forward.com\/index.php\/modelisation-et-simulation\/\" \/>\n<meta property=\"og:site_name\" content=\"ProtoSTEP\" \/>\n<meta property=\"article:modified_time\" content=\"2021-09-03T10:01:00+00:00\" \/>\n<meta property=\"og:image\" content=\"https:\/\/www.protostep-forward.com\/wp-content\/uploads\/2021\/07\/image_model_1.png\" \/>\n<meta name=\"twitter:card\" content=\"summary_large_image\" \/>\n<meta name=\"twitter:label1\" content=\"Dur\u00e9e de lecture estim\u00e9e\" \/>\n\t<meta name=\"twitter:data1\" content=\"2 minutes\" \/>\n<script type=\"application\/ld+json\" class=\"yoast-schema-graph\">{\"@context\":\"https:\/\/schema.org\",\"@graph\":[{\"@type\":\"WebPage\",\"@id\":\"https:\/\/www.protostep-forward.com\/index.php\/modelisation-et-simulation\/\",\"url\":\"https:\/\/www.protostep-forward.com\/index.php\/modelisation-et-simulation\/\",\"name\":\"ProtoSTEP - Mod\u00e9lisation & simulation num\u00e9riques\",\"isPartOf\":{\"@id\":\"https:\/\/www.protostep-forward.com\/#website\"},\"primaryImageOfPage\":{\"@id\":\"https:\/\/www.protostep-forward.com\/index.php\/modelisation-et-simulation\/#primaryimage\"},\"image\":{\"@id\":\"https:\/\/www.protostep-forward.com\/index.php\/modelisation-et-simulation\/#primaryimage\"},\"thumbnailUrl\":\"https:\/\/www.protostep-forward.com\/wp-content\/uploads\/2021\/07\/image_model_1.png\",\"datePublished\":\"2021-06-23T13:05:40+00:00\",\"dateModified\":\"2021-09-03T10:01:00+00:00\",\"description\":\"Les mod\u00e9lisations et simulations num\u00e9riques r\u00e9alis\u00e9es par ProtoSTEP accompagnent vos projets R&D gr\u00e2ce au prototypage virtuel.\",\"breadcrumb\":{\"@id\":\"https:\/\/www.protostep-forward.com\/index.php\/modelisation-et-simulation\/#breadcrumb\"},\"inLanguage\":\"fr-FR\",\"potentialAction\":[{\"@type\":\"ReadAction\",\"target\":[\"https:\/\/www.protostep-forward.com\/index.php\/modelisation-et-simulation\/\"]}]},{\"@type\":\"ImageObject\",\"inLanguage\":\"fr-FR\",\"@id\":\"https:\/\/www.protostep-forward.com\/index.php\/modelisation-et-simulation\/#primaryimage\",\"url\":\"https:\/\/www.protostep-forward.com\/wp-content\/uploads\/2021\/07\/image_model_1.png\",\"contentUrl\":\"https:\/\/www.protostep-forward.com\/wp-content\/uploads\/2021\/07\/image_model_1.png\",\"width\":353,\"height\":264,\"caption\":\"mod\u00e9lisation 1\"},{\"@type\":\"BreadcrumbList\",\"@id\":\"https:\/\/www.protostep-forward.com\/index.php\/modelisation-et-simulation\/#breadcrumb\",\"itemListElement\":[{\"@type\":\"ListItem\",\"position\":1,\"name\":\"Accueil\",\"item\":\"https:\/\/www.protostep-forward.com\/\"},{\"@type\":\"ListItem\",\"position\":2,\"name\":\"Mod\u00e9lisation &#038; simulation num\u00e9riques &#8211; FR\"}]},{\"@type\":\"WebSite\",\"@id\":\"https:\/\/www.protostep-forward.com\/#website\",\"url\":\"https:\/\/www.protostep-forward.com\/\",\"name\":\"ProtoSTEP\",\"description\":\"R&amp;D Solutions\",\"publisher\":{\"@id\":\"https:\/\/www.protostep-forward.com\/#organization\"},\"potentialAction\":[{\"@type\":\"SearchAction\",\"target\":{\"@type\":\"EntryPoint\",\"urlTemplate\":\"https:\/\/www.protostep-forward.com\/?s={search_term_string}\"},\"query-input\":\"required name=search_term_string\"}],\"inLanguage\":\"fr-FR\"},{\"@type\":\"Organization\",\"@id\":\"https:\/\/www.protostep-forward.com\/#organization\",\"name\":\"ProtoStep\",\"url\":\"https:\/\/www.protostep-forward.com\/\",\"logo\":{\"@type\":\"ImageObject\",\"inLanguage\":\"fr-FR\",\"@id\":\"https:\/\/www.protostep-forward.com\/#\/schema\/logo\/image\/\",\"url\":\"https:\/\/www.protostep-forward.com\/wp-content\/uploads\/2020\/03\/Logo_07012020_blanc.png\",\"contentUrl\":\"https:\/\/www.protostep-forward.com\/wp-content\/uploads\/2020\/03\/Logo_07012020_blanc.png\",\"width\":796,\"height\":434,\"caption\":\"ProtoStep\"},\"image\":{\"@id\":\"https:\/\/www.protostep-forward.com\/#\/schema\/logo\/image\/\"}}]}<\/script>\n<!-- \/ Yoast SEO plugin. -->","yoast_head_json":{"title":"ProtoSTEP - Mod\u00e9lisation & simulation num\u00e9riques","description":"Les mod\u00e9lisations et simulations num\u00e9riques r\u00e9alis\u00e9es par ProtoSTEP accompagnent vos projets R&D gr\u00e2ce au prototypage virtuel.","robots":{"index":"index","follow":"follow","max-snippet":"max-snippet:-1","max-image-preview":"max-image-preview:large","max-video-preview":"max-video-preview:-1"},"canonical":"https:\/\/www.protostep-forward.com\/index.php\/modelisation-et-simulation\/","og_locale":"fr_FR","og_type":"article","og_title":"ProtoSTEP - Mod\u00e9lisation & simulation num\u00e9riques","og_description":"Les mod\u00e9lisations et simulations num\u00e9riques r\u00e9alis\u00e9es par ProtoSTEP accompagnent vos projets R&D gr\u00e2ce au prototypage virtuel.","og_url":"https:\/\/www.protostep-forward.com\/index.php\/modelisation-et-simulation\/","og_site_name":"ProtoSTEP","article_modified_time":"2021-09-03T10:01:00+00:00","og_image":[{"url":"https:\/\/www.protostep-forward.com\/wp-content\/uploads\/2021\/07\/image_model_1.png"}],"twitter_card":"summary_large_image","twitter_misc":{"Dur\u00e9e de lecture estim\u00e9e":"2 minutes"},"schema":{"@context":"https:\/\/schema.org","@graph":[{"@type":"WebPage","@id":"https:\/\/www.protostep-forward.com\/index.php\/modelisation-et-simulation\/","url":"https:\/\/www.protostep-forward.com\/index.php\/modelisation-et-simulation\/","name":"ProtoSTEP - Mod\u00e9lisation & simulation num\u00e9riques","isPartOf":{"@id":"https:\/\/www.protostep-forward.com\/#website"},"primaryImageOfPage":{"@id":"https:\/\/www.protostep-forward.com\/index.php\/modelisation-et-simulation\/#primaryimage"},"image":{"@id":"https:\/\/www.protostep-forward.com\/index.php\/modelisation-et-simulation\/#primaryimage"},"thumbnailUrl":"https:\/\/www.protostep-forward.com\/wp-content\/uploads\/2021\/07\/image_model_1.png","datePublished":"2021-06-23T13:05:40+00:00","dateModified":"2021-09-03T10:01:00+00:00","description":"Les mod\u00e9lisations et simulations num\u00e9riques r\u00e9alis\u00e9es par ProtoSTEP accompagnent vos projets R&D gr\u00e2ce au prototypage virtuel.","breadcrumb":{"@id":"https:\/\/www.protostep-forward.com\/index.php\/modelisation-et-simulation\/#breadcrumb"},"inLanguage":"fr-FR","potentialAction":[{"@type":"ReadAction","target":["https:\/\/www.protostep-forward.com\/index.php\/modelisation-et-simulation\/"]}]},{"@type":"ImageObject","inLanguage":"fr-FR","@id":"https:\/\/www.protostep-forward.com\/index.php\/modelisation-et-simulation\/#primaryimage","url":"https:\/\/www.protostep-forward.com\/wp-content\/uploads\/2021\/07\/image_model_1.png","contentUrl":"https:\/\/www.protostep-forward.com\/wp-content\/uploads\/2021\/07\/image_model_1.png","width":353,"height":264,"caption":"mod\u00e9lisation 1"},{"@type":"BreadcrumbList","@id":"https:\/\/www.protostep-forward.com\/index.php\/modelisation-et-simulation\/#breadcrumb","itemListElement":[{"@type":"ListItem","position":1,"name":"Accueil","item":"https:\/\/www.protostep-forward.com\/"},{"@type":"ListItem","position":2,"name":"Mod\u00e9lisation &#038; simulation num\u00e9riques &#8211; FR"}]},{"@type":"WebSite","@id":"https:\/\/www.protostep-forward.com\/#website","url":"https:\/\/www.protostep-forward.com\/","name":"ProtoSTEP","description":"R&amp;D Solutions","publisher":{"@id":"https:\/\/www.protostep-forward.com\/#organization"},"potentialAction":[{"@type":"SearchAction","target":{"@type":"EntryPoint","urlTemplate":"https:\/\/www.protostep-forward.com\/?s={search_term_string}"},"query-input":"required name=search_term_string"}],"inLanguage":"fr-FR"},{"@type":"Organization","@id":"https:\/\/www.protostep-forward.com\/#organization","name":"ProtoStep","url":"https:\/\/www.protostep-forward.com\/","logo":{"@type":"ImageObject","inLanguage":"fr-FR","@id":"https:\/\/www.protostep-forward.com\/#\/schema\/logo\/image\/","url":"https:\/\/www.protostep-forward.com\/wp-content\/uploads\/2020\/03\/Logo_07012020_blanc.png","contentUrl":"https:\/\/www.protostep-forward.com\/wp-content\/uploads\/2020\/03\/Logo_07012020_blanc.png","width":796,"height":434,"caption":"ProtoStep"},"image":{"@id":"https:\/\/www.protostep-forward.com\/#\/schema\/logo\/image\/"}}]}},"_links":{"self":[{"href":"https:\/\/www.protostep-forward.com\/index.php\/wp-json\/wp\/v2\/pages\/2593"}],"collection":[{"href":"https:\/\/www.protostep-forward.com\/index.php\/wp-json\/wp\/v2\/pages"}],"about":[{"href":"https:\/\/www.protostep-forward.com\/index.php\/wp-json\/wp\/v2\/types\/page"}],"author":[{"embeddable":true,"href":"https:\/\/www.protostep-forward.com\/index.php\/wp-json\/wp\/v2\/users\/1"}],"replies":[{"embeddable":true,"href":"https:\/\/www.protostep-forward.com\/index.php\/wp-json\/wp\/v2\/comments?post=2593"}],"version-history":[{"count":23,"href":"https:\/\/www.protostep-forward.com\/index.php\/wp-json\/wp\/v2\/pages\/2593\/revisions"}],"predecessor-version":[{"id":3375,"href":"https:\/\/www.protostep-forward.com\/index.php\/wp-json\/wp\/v2\/pages\/2593\/revisions\/3375"}],"wp:attachment":[{"href":"https:\/\/www.protostep-forward.com\/index.php\/wp-json\/wp\/v2\/media?parent=2593"}],"curies":[{"name":"wp","href":"https:\/\/api.w.org\/{rel}","templated":true}]}}