{"id":143,"date":"2020-01-31T10:11:10","date_gmt":"2020-01-31T09:11:10","guid":{"rendered":"https:\/\/www.protostep-forward.com\/?page_id=143"},"modified":"2021-08-31T12:19:12","modified_gmt":"2021-08-31T10:19:12","slug":"missions","status":"publish","type":"page","link":"https:\/\/www.protostep-forward.com\/index.php\/missions\/","title":{"rendered":"Nos missions &#8211; FR"},"content":{"rendered":"\t\t<div data-elementor-type=\"wp-page\" data-elementor-id=\"143\" class=\"elementor elementor-143\">\n\t\t\t\t\t\t<section class=\"elementor-section elementor-top-section elementor-element elementor-element-a8bb47e elementor-section-boxed elementor-section-height-default elementor-section-height-default\" data-id=\"a8bb47e\" data-element_type=\"section\">\n\t\t\t\t\t\t<div class=\"elementor-container elementor-column-gap-default\">\n\t\t\t\t\t<div class=\"elementor-column elementor-col-100 elementor-top-column elementor-element elementor-element-44df4c3\" data-id=\"44df4c3\" data-element_type=\"column\">\n\t\t\t<div class=\"elementor-widget-wrap elementor-element-populated\">\n\t\t\t\t\t\t<div class=\"elementor-element elementor-element-9590b48 elementor-widget elementor-widget-text-editor\" data-id=\"9590b48\" data-element_type=\"widget\" data-widget_type=\"text-editor.default\">\n\t\t\t\t<div class=\"elementor-widget-container\">\n\t\t\t\t\t\t\t<p><span style=\"font-family: Advent;\"> <span style=\"font-size: 18pt;\">Proto<span style=\"font-family: Agency FB;\">STEP <\/span><\/span><\/span> intervient aupr\u00e8s des <strong>industriels et laboratoires de recherche<\/strong> dans les trois phases d\u2019\u00e9tudes de <strong>conceptualisation, prototypage et innovation<\/strong>. Chaque mission r\u00e9pond \u00e0 un cahier des charges et peut, selon les cas, \u00eatre \u00e9ligible au <strong>cr\u00e9dit d&rsquo;imp\u00f4ts recherche<\/strong> (<a href=\"https:\/\/www.service-public.fr\/professionnels-entreprises\/vosdroits\/F23533\">CIR<\/a>).<\/p>\t\t\t\t\t\t<\/div>\n\t\t\t\t<\/div>\n\t\t\t\t\t<\/div>\n\t\t<\/div>\n\t\t\t\t\t<\/div>\n\t\t<\/section>\n\t\t\t\t<section class=\"elementor-section elementor-top-section elementor-element elementor-element-ebf0ffb elementor-section-boxed elementor-section-height-default elementor-section-height-default\" data-id=\"ebf0ffb\" data-element_type=\"section\">\n\t\t\t\t\t\t<div class=\"elementor-container elementor-column-gap-default\">\n\t\t\t\t\t<div class=\"elementor-column elementor-col-100 elementor-top-column elementor-element elementor-element-175d1ef\" data-id=\"175d1ef\" data-element_type=\"column\">\n\t\t\t<div class=\"elementor-widget-wrap elementor-element-populated\">\n\t\t\t\t\t\t<div class=\"elementor-element elementor-element-00793a7 elementor-widget elementor-widget-text-editor\" data-id=\"00793a7\" data-element_type=\"widget\" data-widget_type=\"text-editor.default\">\n\t\t\t\t<div class=\"elementor-widget-container\">\n\t\t\t\t\t\t\t<h3>Phase de conceptualisation<\/h3>\n<p>La <strong>conceptualisation<\/strong> est une phase de r\u00e9flexion qui permet de r\u00e9pondre aux sp\u00e9cifications du produit par une <strong>\u00e9tude de faisabilit\u00e9<\/strong> et une <strong>solution technique<\/strong>. Nous proposons plusieurs approches selon les cas :<\/p>\n<ul>\n<li style=\"color: #000080;\">une <b>approche empirique<\/b> issue des connaissances g\u00e9n\u00e9rales et de comp\u00e9tences acquises d\u00e9j\u00e0 valid\u00e9es\n<ul>\n<li style=\"color: #000080;\">cas des syst\u00e8mes qui h\u00e9ritent d&rsquo;abaques de donn\u00e9es<\/li>\n<\/ul>\n<\/li>\n<li style=\"color: #000080;\">une <b>approche analytique<\/b> issue des <a href=\"https:\/\/www.protostep-forward.com\/index.php\/expertise-multiphysique\/\">lois de la physique<\/a>\n<ul>\n<li style=\"color: #000080;\">cas des syst\u00e8mes lin\u00e9aires comportant peu de variables<\/li>\n<\/ul>\n<\/li>\n<li style=\"color: #000080;\">une <b>approche num\u00e9rique<\/b> issue d&rsquo;une <a href=\"https:\/\/www.protostep-forward.com\/index.php\/modelisations-et-simulations\/\">mod\u00e9lisation<\/a> permettant de faire interagir diff\u00e9rentes variables entre elles\n<ul>\n<li style=\"color: #000080;\">cas des syst\u00e8mes lin\u00e9aires comportant un nombre \u00e9lev\u00e9 de variables ou de degr\u00e9s de libert\u00e9<\/li>\n<li style=\"color: #000080;\">cas des syst\u00e8mes non-lin\u00e9aires<br><\/li>\n<\/ul>\n<\/li>\n<\/ul>\n<h3>Phase de prototypage<\/h3>\n<p>Le <strong>prototypage<\/strong> est la r\u00e9alisation du premier syst\u00e8me issu de la conceptualisation permettant de <strong>valider les sp\u00e9cifications du produit<\/strong>. Le travail de <span style=\"font-family: Advent;\"> <span style=\"font-size: 18pt;\">Proto<span style=\"font-family: Agency FB;\">STEP <\/span><\/span><\/span> permet de <strong>r\u00e9duire les risques et co\u00fbts de d\u00e9veloppement<\/strong>, et donc <strong>le temps de mise sur le march\u00e9<\/strong>, <strong><\/strong><strong><\/strong> en proposant un <strong>alpha-prototype d\u00e9mat\u00e9rialis\u00e9<\/strong> pr\u00eat \u00e0 \u00eatre test\u00e9 et d\u00e9fini par :\n<\/p>\n<ul>\n<li style=\"color: #000080;\">un<b> mod\u00e8le multi-physiques<\/b> <b>valid\u00e9 <\/b>\u00e0 partir des r\u00e9sultats de simulation\n<ul>\n<li style=\"color: #000080;\">utilisation du logiciel COMSOL Multiphysics<\/li>\n<\/ul>\n<\/li>\n<li style=\"color: #000080;\">un <b>mod\u00e8le CAO optimis\u00e9<\/b> \u00e0 partir des r\u00e9sultats de simulation\n<ul>\n<li style=\"color: #000080;\">utilisation des logiciels COMSOL Multiphysics et Solidworks<\/li>\n<\/ul>\n<\/li>\n<\/ul>\n<p>Cette solution permet \u00e0 nos clients de <strong>concevoir un premier prototype comme un beta-prototype<\/strong>, au plus pr\u00e8s de la version finale du produit et commercialisable.<\/p>\n<h3>Phase d&rsquo;innovation<\/h3>\n<p>L&rsquo;<strong>innovation<\/strong> s&rsquo;inscrit dans la continuit\u00e9 des deux phases pr\u00e9c\u00e9dentes. Il s&rsquo;agit parfois d&rsquo;<strong>am\u00e9liorer une technologie d\u00e9j\u00e0 en place<\/strong>, mais cela peut \u00eatre \u00e9galement l&rsquo;opportunit\u00e9 de <strong>r\u00e9pondre \u00e0 une nouvelle sp\u00e9cification produit<\/strong>. Dans ce cas, le travail de <span style=\"font-family: Advent;\"> <span style=\"font-size: 18pt;\">Proto<span style=\"font-family: Agency FB;\">STEP <\/span><\/span><\/span> consiste \u00e0 :<\/p>\n<ul>\n<li style=\"color: #000080;\">rechercher des technologies existantes et\/ou brevet\u00e9es<b><br><\/b><\/li>\n<li style=\"color: #000080;\">proposer un nouveau concept <b>(Conceptualisation)<br><\/b><\/li>\n<li style=\"color: #000080;\">valider le mod\u00e8le physique associ\u00e9 <b>(Prototypage)<\/b><\/li>\n<\/ul>\t\t\t\t\t\t<\/div>\n\t\t\t\t<\/div>\n\t\t\t\t\t<\/div>\n\t\t<\/div>\n\t\t\t\t\t<\/div>\n\t\t<\/section>\n\t\t\t\t<\/div>\n\t\t","protected":false},"excerpt":{"rendered":"<p>ProtoSTEP intervient aupr\u00e8s des industriels et laboratoires de recherche dans les trois phases d\u2019\u00e9tudes de conceptualisation, prototypage et innovation. Chaque mission r\u00e9pond \u00e0 un cahier des charges et peut, selon les cas, \u00eatre \u00e9ligible au cr\u00e9dit d&rsquo;imp\u00f4ts recherche (CIR). Phase de conceptualisation La conceptualisation est une phase de r\u00e9flexion qui permet de r\u00e9pondre aux sp\u00e9cifications [&hellip;]<\/p>\n","protected":false},"author":1,"featured_media":0,"parent":0,"menu_order":0,"comment_status":"closed","ping_status":"closed","template":"","meta":{"ocean_post_layout":"","ocean_both_sidebars_style":"","ocean_both_sidebars_content_width":0,"ocean_both_sidebars_sidebars_width":0,"ocean_sidebar":"0","ocean_second_sidebar":"0","ocean_disable_margins":"enable","ocean_add_body_class":"","ocean_shortcode_before_top_bar":"","ocean_shortcode_after_top_bar":"","ocean_shortcode_before_header":"","ocean_shortcode_after_header":"","ocean_has_shortcode":"","ocean_shortcode_after_title":"","ocean_shortcode_before_footer_widgets":"","ocean_shortcode_after_footer_widgets":"","ocean_shortcode_before_footer_bottom":"","ocean_shortcode_after_footer_bottom":"","ocean_display_top_bar":"default","ocean_display_header":"default","ocean_header_style":"","ocean_center_header_left_menu":"0","ocean_custom_header_template":"0","ocean_custom_logo":0,"ocean_custom_retina_logo":0,"ocean_custom_logo_max_width":0,"ocean_custom_logo_tablet_max_width":0,"ocean_custom_logo_mobile_max_width":0,"ocean_custom_logo_max_height":0,"ocean_custom_logo_tablet_max_height":0,"ocean_custom_logo_mobile_max_height":0,"ocean_header_custom_menu":"3","ocean_menu_typo_font_family":"0","ocean_menu_typo_font_subset":"","ocean_menu_typo_font_size":0,"ocean_menu_typo_font_size_tablet":0,"ocean_menu_typo_font_size_mobile":0,"ocean_menu_typo_font_size_unit":"px","ocean_menu_typo_font_weight":"","ocean_menu_typo_font_weight_tablet":"","ocean_menu_typo_font_weight_mobile":"","ocean_menu_typo_transform":"","ocean_menu_typo_transform_tablet":"","ocean_menu_typo_transform_mobile":"","ocean_menu_typo_line_height":0,"ocean_menu_typo_line_height_tablet":0,"ocean_menu_typo_line_height_mobile":0,"ocean_menu_typo_line_height_unit":"","ocean_menu_typo_spacing":0,"ocean_menu_typo_spacing_tablet":0,"ocean_menu_typo_spacing_mobile":0,"ocean_menu_typo_spacing_unit":"","ocean_menu_link_color":"","ocean_menu_link_color_hover":"","ocean_menu_link_color_active":"","ocean_menu_link_background":"","ocean_menu_link_hover_background":"","ocean_menu_link_active_background":"","ocean_menu_social_links_bg":"","ocean_menu_social_hover_links_bg":"","ocean_menu_social_links_color":"","ocean_menu_social_hover_links_color":"","ocean_disable_title":"default","ocean_disable_heading":"default","ocean_post_title":"<p id=\"p10\"><font face=\"Advent\" color=\"#000080\" size=\"10em\">Nos missions<\/font><\/p>","ocean_post_subheading":"<font face=\"Segoe UI\" color=\"#002142\" size=\"4em\">Une r\u00e9ponse adapt\u00e9e \u00e0 vos probl\u00e9matiques<\/font> <p style=\"text-align: right\"><font face=\"Arial\" color=\"#4f4f4f\" size=\"1em\"><em>Cr\u00e9dits Images : COMSOL Multiphysics<sup>\u00ae<\/sup><\/em><\/font><\/p>","ocean_post_title_style":"background-image","ocean_post_title_background_color":"","ocean_post_title_background":3060,"ocean_post_title_bg_image_position":"center center","ocean_post_title_bg_image_attachment":"","ocean_post_title_bg_image_repeat":"repeat-x","ocean_post_title_bg_image_size":"cover","ocean_post_title_height":200,"ocean_post_title_bg_overlay":0.7,"ocean_post_title_bg_overlay_color":"#efefff","ocean_disable_breadcrumbs":"default","ocean_breadcrumbs_color":"","ocean_breadcrumbs_separator_color":"","ocean_breadcrumbs_links_color":"","ocean_breadcrumbs_links_hover_color":"","ocean_display_footer_widgets":"default","ocean_display_footer_bottom":"default","ocean_custom_footer_template":"0","footnotes":""},"class_list":["post-143","page","type-page","status-publish","hentry","entry"],"yoast_head":"<!-- This site is optimized with the Yoast SEO plugin v23.2 - https:\/\/yoast.com\/wordpress\/plugins\/seo\/ -->\n<title>ProtoSTEP - Nos missions<\/title>\n<meta name=\"description\" content=\"ProtoSTEP intervient aupr\u00e8s des Industriels et Laboratoires de Recherche dans leurs projets R&amp;D.\" \/>\n<meta name=\"robots\" content=\"index, follow, max-snippet:-1, max-image-preview:large, max-video-preview:-1\" \/>\n<link rel=\"canonical\" href=\"https:\/\/www.protostep-forward.com\/index.php\/missions\/\" \/>\n<meta property=\"og:locale\" content=\"fr_FR\" \/>\n<meta property=\"og:type\" content=\"article\" \/>\n<meta property=\"og:title\" content=\"ProtoSTEP - Nos missions\" \/>\n<meta property=\"og:description\" content=\"ProtoSTEP intervient aupr\u00e8s des Industriels et Laboratoires de Recherche dans leurs projets R&amp;D.\" \/>\n<meta property=\"og:url\" content=\"https:\/\/www.protostep-forward.com\/index.php\/missions\/\" \/>\n<meta property=\"og:site_name\" content=\"ProtoSTEP\" \/>\n<meta property=\"article:modified_time\" content=\"2021-08-31T10:19:12+00:00\" \/>\n<meta name=\"twitter:card\" content=\"summary_large_image\" \/>\n<meta name=\"twitter:label1\" content=\"Dur\u00e9e de lecture estim\u00e9e\" \/>\n\t<meta name=\"twitter:data1\" content=\"2 minutes\" \/>\n<script type=\"application\/ld+json\" class=\"yoast-schema-graph\">{\"@context\":\"https:\/\/schema.org\",\"@graph\":[{\"@type\":\"WebPage\",\"@id\":\"https:\/\/www.protostep-forward.com\/index.php\/missions\/\",\"url\":\"https:\/\/www.protostep-forward.com\/index.php\/missions\/\",\"name\":\"ProtoSTEP - Nos missions\",\"isPartOf\":{\"@id\":\"https:\/\/www.protostep-forward.com\/#website\"},\"datePublished\":\"2020-01-31T09:11:10+00:00\",\"dateModified\":\"2021-08-31T10:19:12+00:00\",\"description\":\"ProtoSTEP intervient aupr\u00e8s des Industriels et Laboratoires de Recherche dans leurs projets R&D.\",\"breadcrumb\":{\"@id\":\"https:\/\/www.protostep-forward.com\/index.php\/missions\/#breadcrumb\"},\"inLanguage\":\"fr-FR\",\"potentialAction\":[{\"@type\":\"ReadAction\",\"target\":[\"https:\/\/www.protostep-forward.com\/index.php\/missions\/\"]}]},{\"@type\":\"BreadcrumbList\",\"@id\":\"https:\/\/www.protostep-forward.com\/index.php\/missions\/#breadcrumb\",\"itemListElement\":[{\"@type\":\"ListItem\",\"position\":1,\"name\":\"Accueil\",\"item\":\"https:\/\/www.protostep-forward.com\/\"},{\"@type\":\"ListItem\",\"position\":2,\"name\":\"Nos missions &#8211; FR\"}]},{\"@type\":\"WebSite\",\"@id\":\"https:\/\/www.protostep-forward.com\/#website\",\"url\":\"https:\/\/www.protostep-forward.com\/\",\"name\":\"ProtoSTEP\",\"description\":\"R&amp;D Solutions\",\"publisher\":{\"@id\":\"https:\/\/www.protostep-forward.com\/#organization\"},\"potentialAction\":[{\"@type\":\"SearchAction\",\"target\":{\"@type\":\"EntryPoint\",\"urlTemplate\":\"https:\/\/www.protostep-forward.com\/?s={search_term_string}\"},\"query-input\":\"required name=search_term_string\"}],\"inLanguage\":\"fr-FR\"},{\"@type\":\"Organization\",\"@id\":\"https:\/\/www.protostep-forward.com\/#organization\",\"name\":\"ProtoStep\",\"url\":\"https:\/\/www.protostep-forward.com\/\",\"logo\":{\"@type\":\"ImageObject\",\"inLanguage\":\"fr-FR\",\"@id\":\"https:\/\/www.protostep-forward.com\/#\/schema\/logo\/image\/\",\"url\":\"https:\/\/www.protostep-forward.com\/wp-content\/uploads\/2020\/03\/Logo_07012020_blanc.png\",\"contentUrl\":\"https:\/\/www.protostep-forward.com\/wp-content\/uploads\/2020\/03\/Logo_07012020_blanc.png\",\"width\":796,\"height\":434,\"caption\":\"ProtoStep\"},\"image\":{\"@id\":\"https:\/\/www.protostep-forward.com\/#\/schema\/logo\/image\/\"}}]}<\/script>\n<!-- \/ Yoast SEO plugin. -->","yoast_head_json":{"title":"ProtoSTEP - Nos missions","description":"ProtoSTEP intervient aupr\u00e8s des Industriels et Laboratoires de Recherche dans leurs projets R&D.","robots":{"index":"index","follow":"follow","max-snippet":"max-snippet:-1","max-image-preview":"max-image-preview:large","max-video-preview":"max-video-preview:-1"},"canonical":"https:\/\/www.protostep-forward.com\/index.php\/missions\/","og_locale":"fr_FR","og_type":"article","og_title":"ProtoSTEP - Nos missions","og_description":"ProtoSTEP intervient aupr\u00e8s des Industriels et Laboratoires de Recherche dans leurs projets R&D.","og_url":"https:\/\/www.protostep-forward.com\/index.php\/missions\/","og_site_name":"ProtoSTEP","article_modified_time":"2021-08-31T10:19:12+00:00","twitter_card":"summary_large_image","twitter_misc":{"Dur\u00e9e de lecture estim\u00e9e":"2 minutes"},"schema":{"@context":"https:\/\/schema.org","@graph":[{"@type":"WebPage","@id":"https:\/\/www.protostep-forward.com\/index.php\/missions\/","url":"https:\/\/www.protostep-forward.com\/index.php\/missions\/","name":"ProtoSTEP - Nos missions","isPartOf":{"@id":"https:\/\/www.protostep-forward.com\/#website"},"datePublished":"2020-01-31T09:11:10+00:00","dateModified":"2021-08-31T10:19:12+00:00","description":"ProtoSTEP intervient aupr\u00e8s des Industriels et Laboratoires de Recherche dans leurs projets R&D.","breadcrumb":{"@id":"https:\/\/www.protostep-forward.com\/index.php\/missions\/#breadcrumb"},"inLanguage":"fr-FR","potentialAction":[{"@type":"ReadAction","target":["https:\/\/www.protostep-forward.com\/index.php\/missions\/"]}]},{"@type":"BreadcrumbList","@id":"https:\/\/www.protostep-forward.com\/index.php\/missions\/#breadcrumb","itemListElement":[{"@type":"ListItem","position":1,"name":"Accueil","item":"https:\/\/www.protostep-forward.com\/"},{"@type":"ListItem","position":2,"name":"Nos missions &#8211; FR"}]},{"@type":"WebSite","@id":"https:\/\/www.protostep-forward.com\/#website","url":"https:\/\/www.protostep-forward.com\/","name":"ProtoSTEP","description":"R&amp;D Solutions","publisher":{"@id":"https:\/\/www.protostep-forward.com\/#organization"},"potentialAction":[{"@type":"SearchAction","target":{"@type":"EntryPoint","urlTemplate":"https:\/\/www.protostep-forward.com\/?s={search_term_string}"},"query-input":"required name=search_term_string"}],"inLanguage":"fr-FR"},{"@type":"Organization","@id":"https:\/\/www.protostep-forward.com\/#organization","name":"ProtoStep","url":"https:\/\/www.protostep-forward.com\/","logo":{"@type":"ImageObject","inLanguage":"fr-FR","@id":"https:\/\/www.protostep-forward.com\/#\/schema\/logo\/image\/","url":"https:\/\/www.protostep-forward.com\/wp-content\/uploads\/2020\/03\/Logo_07012020_blanc.png","contentUrl":"https:\/\/www.protostep-forward.com\/wp-content\/uploads\/2020\/03\/Logo_07012020_blanc.png","width":796,"height":434,"caption":"ProtoStep"},"image":{"@id":"https:\/\/www.protostep-forward.com\/#\/schema\/logo\/image\/"}}]}},"_links":{"self":[{"href":"https:\/\/www.protostep-forward.com\/index.php\/wp-json\/wp\/v2\/pages\/143"}],"collection":[{"href":"https:\/\/www.protostep-forward.com\/index.php\/wp-json\/wp\/v2\/pages"}],"about":[{"href":"https:\/\/www.protostep-forward.com\/index.php\/wp-json\/wp\/v2\/types\/page"}],"author":[{"embeddable":true,"href":"https:\/\/www.protostep-forward.com\/index.php\/wp-json\/wp\/v2\/users\/1"}],"replies":[{"embeddable":true,"href":"https:\/\/www.protostep-forward.com\/index.php\/wp-json\/wp\/v2\/comments?post=143"}],"version-history":[{"count":54,"href":"https:\/\/www.protostep-forward.com\/index.php\/wp-json\/wp\/v2\/pages\/143\/revisions"}],"predecessor-version":[{"id":3232,"href":"https:\/\/www.protostep-forward.com\/index.php\/wp-json\/wp\/v2\/pages\/143\/revisions\/3232"}],"wp:attachment":[{"href":"https:\/\/www.protostep-forward.com\/index.php\/wp-json\/wp\/v2\/media?parent=143"}],"curies":[{"name":"wp","href":"https:\/\/api.w.org\/{rel}","templated":true}]}}